{"id":10275,"date":"2023-05-17T08:59:53","date_gmt":"2023-05-17T08:59:53","guid":{"rendered":"https:\/\/eodempictures.com\/politica-de-privacidad\/"},"modified":"2023-05-30T09:07:43","modified_gmt":"2023-05-30T09:07:43","slug":"politica-de-privacidad","status":"publish","type":"page","link":"https:\/\/eodempictures.com\/en\/politica-de-privacidad\/","title":{"rendered":"Pol\u00edtica de privacidad"},"content":{"rendered":"\n<p><strong>1. INFORMACI\u00d3N AL USUARIO<\/strong><\/p>\n\n<p><strong>\u00bfQui\u00e9n es el responsable del tratamiento de tus datos personales?<\/strong><\/p>\n\n<p>Eodem Pictures SL es el RESPONSABLE del tratamiento de los datos personales del USUARIO y le informa de que estos datos ser\u00e1n tratados de conformidad con lo dispuesto en el Reglamento relativo a la protecci\u00f3n de datos de las personas f\u00edsicas en lo que respecta al tratamiento de datos personales y a la libre circulaci\u00f3n de estos datos y por el que se deroga la Directiva 95\/46\/CE (en adelante RGPD), y la Ley Org\u00e1nica 3\/2018, de 5 de diciembre, de Protecci\u00f3n de Datos Personales y garant\u00eda de los derechos digitales (en adelante LOPDGDD).<\/p>\n\n<p><strong>\u00bfQu\u00e9 datos personales tratamos?<\/strong><\/p>\n\n<p>Los datos tratados y la finalidad para la que son tratados depender\u00e1n de cada tratamiento de datos personales.<\/p>\n\n<p>Formulario de contacto<\/p>\n\n<p>Los datos que se solicitan en la pesta\u00f1a de contacto son los necesarios para poder atender la solicitud. Los datos que se solicitan son:<br\/>\u2013 Nombre<br\/>\u2013 Correo electr\u00f3nico<br\/>\u2013 Tel\u00e9fono<br\/>\u2013 Asunto y mensaje, donde el Usuario puede indicar lo que considere.<\/p>\n\n<p>La finalidad del tratamiento de los datos recabados en la pesta\u00f1a de contacto es la de contestar y gestionar las preguntas, peticiones y solicitudes planteadas a trav\u00e9s del formulario.<\/p>\n\n<p><strong>\u00bfPara qu\u00e9 tratamos tus datos personales?<\/strong><\/p>\n\n<p>Para mantener una relaci\u00f3n comercial con el usuario o atender las consultas formuladas. Las operaciones previstas para realizar el tratamiento son:<\/p>\n\n<p>\u2022 Tramitar encargos, solicitudes, dar respuesta a las consultas o cualquier tipo de petici\u00f3n que sea realizada por el USUARIO a trav\u00e9s de cualquiera de las formas de contacto que se ponen a su disposici\u00f3n en la p\u00e1gina web del RESPONSABLE.<\/p>\n\n<p>\u2022 Remisi\u00f3n de comunicaciones comerciales, publicitarias o de cortes\u00eda por los medios adecuados (SMS, correo, etc.). Estas comunicaciones ser\u00e1n realizadas por el RESPONSABLE y estar\u00e1n relacionadas con sus productos y servicios, o de sus colaboradores o proveedores, con los que este haya alcanzado alg\u00fan acuerdo de promoci\u00f3n. En este caso, los terceros nunca tendr\u00e1n acceso a los datos personales.<\/p>\n\n<p>\u2022 En su caso, para el mantenimiento o ejecuci\u00f3n de la relaci\u00f3n profesional entre las partes.<\/p>\n\n<p>\u2022 Remitir el bolet\u00edn informativo online, sobre novedades, ofertas y promociones en nuestra actividad.<\/p>\n\n<p><strong>\u00bfPor qu\u00e9 motivo podemos tratar tus datos personales?<\/strong><\/p>\n\n<p>Porque el tratamiento est\u00e1 legitimado por el art\u00edculo 6 del RGPD de la siguiente forma:<\/p>\n\n<p>\u2022 Con el consentimiento del USUARIO.<br\/>\u2022 Por inter\u00e9s leg\u00edtimo del RESPONSABLE.<br\/>\u2022 Para la ejecuci\u00f3n de un contrato o relaci\u00f3n precontractual entre el USUARIO y el RESPONSABLE.<\/p>\n\n<p><strong>\u00bfDurante cu\u00e1nto tiempo guardaremos tus datos personales?<\/strong><\/p>\n\n<p>Se conservar\u00e1n durante no m\u00e1s tiempo del necesario para mantener el fin del tratamiento o existan prescripciones legales que dictaminen su custodia y cuando ya no sea necesario para ello, se suprimir\u00e1n con medidas de seguridad adecuadas para garantizar la anonimizaci\u00f3n de los datos o la destrucci\u00f3n total de los mismos.<\/p>\n\n<p><strong>\u00bfA qui\u00e9n facilitamos tus datos personales?<\/strong><\/p>\n\n<p>No est\u00e1 prevista ninguna comunicaci\u00f3n de datos personales a terceros salvo, si fuese necesario para el desarrollo y ejecuci\u00f3n de las finalidades del tratamiento, a nuestros proveedores de servicios relacionados con comunicaciones, con los cuales el RESPONSABLE tiene suscritos los contratos de confidencialidad y de encargado de tratamiento exigidos por la normativa vigente de privacidad.<\/p>\n\n<p><strong>\u00bfCu\u00e1les son tus derechos?<\/strong><\/p>\n\n<p>Los derechos que asisten al USUARIO son:<\/p>\n\n<p>\u2022 Derecho a retirar el consentimiento en cualquier momento.<br\/>\u2022 Derecho de acceso, rectificaci\u00f3n, portabilidad y supresi\u00f3n de sus datos, y de limitaci\u00f3n u oposici\u00f3n a su tratamiento.<br\/>\u2022 Derecho a presentar una reclamaci\u00f3n ante la autoridad de control (www.aepd.es) si considera que el tratamiento no se ajusta a la normativa vigente.<\/p>\n\n<p>Datos de contacto para ejercer sus derechos:<\/p>\n\n<p>info@eodempictures.com<\/p>\n\n<p><\/p>\n\n<p><strong>2. CAR\u00c1CTER OBLIGATORIO O FACULTATIVO DE LA INFORMACI\u00d3N FACILITADA POR EL USUARIO<\/strong><\/p>\n\n<p>Los USUARIOS, mediante la marcaci\u00f3n de las casillas correspondientes y la entrada de datos en los campos, marcados con un asterisco (*) en el formulario de contacto o presentados en formularios de descarga, aceptan expresamente y de forma libre e inequ\u00edvoca, que sus datos son necesarios para atender su petici\u00f3n, por parte del prestador, siendo voluntaria la inclusi\u00f3n de datos en los campos restantes. El USUARIO garantiza que los datos personales facilitados al RESPONSABLE son veraces y se hace responsable de comunicar cualquier modificaci\u00f3n de los mismos.<\/p>\n\n<p>El RESPONSABLE informa de que todos los datos solicitados a trav\u00e9s del sitio web son obligatorios, ya que son necesarios para la prestaci\u00f3n de un servicio \u00f3ptimo al USUARIO. En caso de que no se faciliten todos los datos, no se garantiza que la informaci\u00f3n y servicios facilitados sean completamente ajustados a sus necesidades.<\/p>\n\n<p><\/p>\n\n<p><strong>3. MEDIDAS DE SEGURIDAD<\/strong><\/p>\n\n<p>Que de conformidad con lo dispuesto en las normativas vigentes en protecci\u00f3n de datos personales, el RESPONSABLE est\u00e1 cumpliendo con todas las disposiciones de las normativas RGPD y LOPDGDD para el tratamiento de los datos personales de su responsabilidad, y manifiestamente con los principios descritos en el art\u00edculo 5 del RGPD, por los cuales son tratados de manera l\u00edcita, leal y transparente en relaci\u00f3n con el interesado y adecuados, pertinentes y limitados a lo necesario en relaci\u00f3n con los fines para los que son tratados.<\/p>\n\n<p>El RESPONSABLE garantiza que ha implementado pol\u00edticas t\u00e9cnicas y organizativas apropiadas para aplicar las medidas de seguridad que establecen el RGPD y la LOPDGDD con el fin de proteger los derechos y libertades de los USUARIOS y les ha comunicado la informaci\u00f3n adecuada para que puedan ejercerlos.<\/p>\n\n<p>El RESPONSABLE podr\u00e1 cambiar la presente Pol\u00edtica en cualquier momento, informando de la fecha en la que se actualiz\u00f3 por \u00faltima vez. Si ha habido cambios significativos intentar\u00e1 alertar al USUARIO cuando sea posible.<\/p>\n","protected":false},"excerpt":{"rendered":"<p>1. INFORMACI\u00d3N AL USUARIO \u00bfQui\u00e9n es el responsable del tratamiento de tus datos personales? Eodem Pictures SL es el RESPONSABLE del tratamiento de los datos personales del USUARIO y le informa de que estos datos ser\u00e1n tratados de conformidad con lo dispuesto en el Reglamento relativo a la protecci\u00f3n de datos de las personas f\u00edsicas [&hellip;]<\/p>\n","protected":false},"author":1,"featured_media":0,"parent":0,"menu_order":0,"comment_status":"closed","ping_status":"closed","template":"","meta":{"footnotes":""},"class_list":["post-10275","page","type-page","status-publish","hentry"],"_links":{"self":[{"href":"https:\/\/eodempictures.com\/en\/wp-json\/wp\/v2\/pages\/10275","targetHints":{"allow":["GET"]}}],"collection":[{"href":"https:\/\/eodempictures.com\/en\/wp-json\/wp\/v2\/pages"}],"about":[{"href":"https:\/\/eodempictures.com\/en\/wp-json\/wp\/v2\/types\/page"}],"author":[{"embeddable":true,"href":"https:\/\/eodempictures.com\/en\/wp-json\/wp\/v2\/users\/1"}],"replies":[{"embeddable":true,"href":"https:\/\/eodempictures.com\/en\/wp-json\/wp\/v2\/comments?post=10275"}],"version-history":[{"count":1,"href":"https:\/\/eodempictures.com\/en\/wp-json\/wp\/v2\/pages\/10275\/revisions"}],"predecessor-version":[{"id":10276,"href":"https:\/\/eodempictures.com\/en\/wp-json\/wp\/v2\/pages\/10275\/revisions\/10276"}],"wp:attachment":[{"href":"https:\/\/eodempictures.com\/en\/wp-json\/wp\/v2\/media?parent=10275"}],"curies":[{"name":"wp","href":"https:\/\/api.w.org\/{rel}","templated":true}]}}